{"id":483,"date":"2021-03-30T10:06:02","date_gmt":"2021-03-30T10:06:02","guid":{"rendered":"http:\/\/www.nicdarkthemes.com\/themes\/seafood\/wp\/demo\/seafood\/?page_id=483"},"modified":"2025-04-18T09:41:27","modified_gmt":"2025-04-18T07:41:27","slug":"contact-acces","status":"publish","type":"page","link":"https:\/\/mieuxqualhotel.com\/en\/contact-access\/","title":{"rendered":"Contact &amp; access"},"content":{"rendered":"<div data-elementor-type=\"wp-page\" data-elementor-id=\"483\" class=\"elementor elementor-483\" data-elementor-post-type=\"page\">\n\t\t\t\t\t\t<section class=\"elementor-section elementor-top-section elementor-element elementor-element-b748679 elementor-section-stretched elementor-section-content-middle elementor-section-boxed elementor-section-height-default elementor-section-height-default\" data-id=\"b748679\" data-element_type=\"section\" data-settings=\"{&quot;stretch_section&quot;:&quot;section-stretched&quot;,&quot;background_background&quot;:&quot;classic&quot;}\">\n\t\t\t\t\t\t\t<div class=\"elementor-background-overlay\"><\/div>\n\t\t\t\t\t\t\t<div class=\"elementor-container elementor-column-gap-default\">\n\t\t\t\t\t<div class=\"elementor-column elementor-col-100 elementor-top-column elementor-element elementor-element-9f4330b\" data-id=\"9f4330b\" data-element_type=\"column\">\n\t\t\t<div class=\"elementor-widget-wrap elementor-element-populated\">\n\t\t\t\t\t\t<div class=\"elementor-element elementor-element-3a1383d elementor-widget elementor-widget-heading\" data-id=\"3a1383d\" data-element_type=\"widget\" data-widget_type=\"heading.default\">\n\t\t\t\t<div class=\"elementor-widget-container\">\n\t\t\t\t\t<p class=\"elementor-heading-title elementor-size-default\">CONTACT AND BOOK MIEUXQUALHOTEL<\/p>\t\t\t\t<\/div>\n\t\t\t\t<\/div>\n\t\t\t\t<div class=\"elementor-element elementor-element-5d8803ea elementor-widget elementor-widget-heading\" data-id=\"5d8803ea\" data-element_type=\"widget\" data-widget_type=\"heading.default\">\n\t\t\t\t<div class=\"elementor-widget-container\">\n\t\t\t\t\t<h1 class=\"elementor-heading-title elementor-size-default\">Contact &amp; Access<\/h1>\t\t\t\t<\/div>\n\t\t\t\t<\/div>\n\t\t\t\t\t<\/div>\n\t\t<\/div>\n\t\t\t\t\t<\/div>\n\t\t<\/section>\n\t\t\t\t<section class=\"elementor-section elementor-top-section elementor-element elementor-element-2398d09b elementor-section-stretched elementor-section-boxed elementor-section-height-default elementor-section-height-default\" data-id=\"2398d09b\" data-element_type=\"section\" data-settings=\"{&quot;background_background&quot;:&quot;classic&quot;,&quot;stretch_section&quot;:&quot;section-stretched&quot;}\">\n\t\t\t\t\t\t<div class=\"elementor-container elementor-column-gap-default\">\n\t\t\t\t\t<div class=\"elementor-column elementor-col-50 elementor-top-column elementor-element elementor-element-18635687\" data-id=\"18635687\" data-element_type=\"column\" data-settings=\"{&quot;background_background&quot;:&quot;classic&quot;,&quot;animation&quot;:&quot;none&quot;}\">\n\t\t\t<div class=\"elementor-widget-wrap elementor-element-populated\">\n\t\t\t\t\t\t<div class=\"elementor-element elementor-element-fd431d4 elementor-position-left elementor-vertical-align-top elementor-widget elementor-widget-image-box\" data-id=\"fd431d4\" data-element_type=\"widget\" data-widget_type=\"image-box.default\">\n\t\t\t\t<div class=\"elementor-widget-container\">\n\t\t\t\t\t<div class=\"elementor-image-box-wrapper\"><figure class=\"elementor-image-box-img\"><img decoding=\"async\" src=\"http:\/\/www.nicdarkthemes.com\/themes\/hotel-booking\/wp\/demo\/apartments\/wp-content\/uploads\/sites\/4\/2022\/05\/circle-2.png\" title=\"\" alt=\"\" loading=\"lazy\" \/><\/figure><div class=\"elementor-image-box-content\"><h3 class=\"elementor-image-box-title\">Best direct tariff<\/h3><p class=\"elementor-image-box-description\">Book direct at the best rate on this site. Download our general terms and conditions and read our legal notice. If you have any questions about your booking, arrivals or departures, leave us a message using this contact form.<\/p><\/div><\/div>\t\t\t\t<\/div>\n\t\t\t\t<\/div>\n\t\t\t\t\t<\/div>\n\t\t<\/div>\n\t\t\t\t<div class=\"elementor-column elementor-col-50 elementor-top-column elementor-element elementor-element-d493a14\" data-id=\"d493a14\" data-element_type=\"column\" data-settings=\"{&quot;background_background&quot;:&quot;classic&quot;,&quot;animation&quot;:&quot;none&quot;}\">\n\t\t\t<div class=\"elementor-widget-wrap\">\n\t\t\t\t\t\t\t<\/div>\n\t\t<\/div>\n\t\t\t\t\t<\/div>\n\t\t<\/section>\n\t\t\t\t<section class=\"elementor-section elementor-top-section elementor-element elementor-element-7515a732 elementor-section-stretched elementor-section-full_width elementor-section-height-default elementor-section-height-default\" data-id=\"7515a732\" data-element_type=\"section\" data-settings=\"{&quot;stretch_section&quot;:&quot;section-stretched&quot;}\">\n\t\t\t\t\t\t<div class=\"elementor-container elementor-column-gap-default\">\n\t\t\t\t\t<div class=\"elementor-column elementor-col-100 elementor-top-column elementor-element elementor-element-2293d129\" data-id=\"2293d129\" data-element_type=\"column\">\n\t\t\t<div class=\"elementor-widget-wrap elementor-element-populated\">\n\t\t\t\t\t\t<div class=\"elementor-element elementor-element-93521c2 elementor-widget elementor-widget-html\" data-id=\"93521c2\" data-element_type=\"widget\" data-widget_type=\"html.default\">\n\t\t\t\t<div class=\"elementor-widget-container\">\n\t\t\t\t\t<iframe style=\"filter:grayscale(0.7)\" src=\"https:\/\/www.google.com\/maps\/embed?pb=!1m18!1m12!1m3!1d10771.270428079302!2d-0.5981289936777224!3d44.834549912653884!2m3!1f0!2f0!3f0!3m2!1i1024!2i768!4f13.1!3m3!1m2!1s0xd54d97514b1496d%3A0xb3285bd59b6b1ecd!2zTWlldXggcXUnw6AgbCdow7R0ZWw!5e0!3m2!1sfr!2sde!4v1744056846081!5m2!1sfr!2sde\" width=\"600\" height=\"450\" allowfullscreen=\"\" loading=\"lazy\" referrerpolicy=\"no-referrer-when-downgrade\"><\/iframe>\t\t\t\t<\/div>\n\t\t\t\t<\/div>\n\t\t\t\t\t<\/div>\n\t\t<\/div>\n\t\t\t\t\t<\/div>\n\t\t<\/section>\n\t\t\t\t<section class=\"elementor-section elementor-top-section elementor-element elementor-element-813900c elementor-section-stretched elementor-section-boxed elementor-section-height-default elementor-section-height-default\" data-id=\"813900c\" data-element_type=\"section\" data-settings=\"{&quot;background_background&quot;:&quot;classic&quot;,&quot;stretch_section&quot;:&quot;section-stretched&quot;}\">\n\t\t\t\t\t\t<div class=\"elementor-container elementor-column-gap-default\">\n\t\t\t\t\t<div class=\"elementor-column elementor-col-50 elementor-top-column elementor-element elementor-element-c855a2b\" data-id=\"c855a2b\" data-element_type=\"column\" data-settings=\"{&quot;background_background&quot;:&quot;classic&quot;,&quot;animation&quot;:&quot;none&quot;}\">\n\t\t\t<div class=\"elementor-widget-wrap\">\n\t\t\t\t\t\t\t<\/div>\n\t\t<\/div>\n\t\t\t\t<div class=\"elementor-column elementor-col-50 elementor-top-column elementor-element elementor-element-76bb7c2\" data-id=\"76bb7c2\" data-element_type=\"column\" data-settings=\"{&quot;background_background&quot;:&quot;classic&quot;,&quot;animation&quot;:&quot;none&quot;}\">\n\t\t\t<div class=\"elementor-widget-wrap elementor-element-populated\">\n\t\t\t\t\t\t<div class=\"elementor-element elementor-element-6364cd7 elementor-position-left elementor-vertical-align-top elementor-widget elementor-widget-image-box\" data-id=\"6364cd7\" data-element_type=\"widget\" data-widget_type=\"image-box.default\">\n\t\t\t\t<div class=\"elementor-widget-container\">\n\t\t\t\t\t<div class=\"elementor-image-box-wrapper\"><figure class=\"elementor-image-box-img\"><img decoding=\"async\" src=\"http:\/\/www.nicdarkthemes.com\/themes\/hotel-booking\/wp\/demo\/apartments\/wp-content\/uploads\/sites\/4\/2022\/05\/circle-1.png\" title=\"\" alt=\"\" loading=\"lazy\" \/><\/figure><div class=\"elementor-image-box-content\"><h3 class=\"elementor-image-box-title\">During your stay<\/h3><p class=\"elementor-image-box-description\">During your stay, you can contact us for any urgent requests using the contact form.<\/p><\/div><\/div>\t\t\t\t<\/div>\n\t\t\t\t<\/div>\n\t\t\t\t\t<\/div>\n\t\t<\/div>\n\t\t\t\t\t<\/div>\n\t\t<\/section>\n\t\t\t\t<\/div>","protected":false},"excerpt":{"rendered":"<p>CONTACT AND BOOK MIEUXQUALHOTEL Contact &amp; Acces Best online rate Book online at the best rate on this site. Download our terms and conditions and read our legal notice. If you have any questions about your booking, arrivals or departures, please leave us a message using this contact form During your stay During your stay, we will contact you [...].<\/p>","protected":false},"author":1,"featured_media":11240,"parent":0,"menu_order":0,"comment_status":"closed","ping_status":"closed","template":"","meta":{"footnotes":""},"class_list":["post-483","page","type-page","status-publish","has-post-thumbnail","hentry"],"yoast_head":"<!-- This site is optimized with the Yoast SEO plugin v24.9 - https:\/\/yoast.com\/wordpress\/plugins\/seo\/ -->\n<title>Contact &amp; acc\u00e8s | Love Room Bordeaux \u00a0|\u00a0Mieux qu&#039;a l&#039;h\u00f4tel<\/title>\n<meta name=\"description\" content=\"Contact acc\u00e8s Love Room \u00e0 Bordeaux. Infos pratiques, plan d&#039;acc\u00e8s et contact pour une arriv\u00e9e en toute s\u00e9r\u00e9nit\u00e9.\" \/>\n<meta name=\"robots\" content=\"index, follow, max-snippet:-1, max-image-preview:large, max-video-preview:-1\" \/>\n<link rel=\"canonical\" href=\"https:\/\/mieuxqualhotel.com\/en\/contact-access\/\" \/>\n<meta property=\"og:locale\" content=\"en_GB\" \/>\n<meta property=\"og:type\" content=\"article\" \/>\n<meta property=\"og:title\" content=\"Contact &amp; acc\u00e8s | Love Room Bordeaux \u00a0|\u00a0Mieux qu&#039;a l&#039;h\u00f4tel\" \/>\n<meta property=\"og:description\" content=\"Contact acc\u00e8s Love Room \u00e0 Bordeaux. Infos pratiques, plan d&#039;acc\u00e8s et contact pour une arriv\u00e9e en toute s\u00e9r\u00e9nit\u00e9.\" \/>\n<meta property=\"og:url\" content=\"https:\/\/mieuxqualhotel.com\/en\/contact-access\/\" \/>\n<meta property=\"og:site_name\" content=\"Love Room Bordeaux \u00a0|\u00a0Mieux qu&#039;a l&#039;h\u00f4tel\" \/>\n<meta property=\"article:modified_time\" content=\"2025-04-18T07:41:27+00:00\" \/>\n<meta property=\"og:image\" content=\"https:\/\/mieuxqualhotel.com\/wp-content\/uploads\/2025\/04\/lablack-love-room-bordeaux-mieuxqualhotel-processed-b03adcdc-1908-4a61-af28-09c2afc8e373-scaled.jpg\" \/>\n\t<meta property=\"og:image:width\" content=\"2560\" \/>\n\t<meta property=\"og:image:height\" content=\"1921\" \/>\n\t<meta property=\"og:image:type\" content=\"image\/jpeg\" \/>\n<meta name=\"twitter:card\" content=\"summary_large_image\" \/>\n<meta name=\"twitter:label1\" content=\"Estimated reading time\" \/>\n\t<meta name=\"twitter:data1\" content=\"1 minute\" \/>\n<script type=\"application\/ld+json\" class=\"yoast-schema-graph\">{\"@context\":\"https:\/\/schema.org\",\"@graph\":[{\"@type\":\"WebPage\",\"@id\":\"https:\/\/mieuxqualhotel.com\/contact-acces\/\",\"url\":\"https:\/\/mieuxqualhotel.com\/contact-acces\/\",\"name\":\"Contact & acc\u00e8s | Love Room Bordeaux \u00a0|\u00a0Mieux qu&#039;a l&#039;h\u00f4tel\",\"isPartOf\":{\"@id\":\"https:\/\/mieuxqualhotel.com\/#website\"},\"primaryImageOfPage\":{\"@id\":\"https:\/\/mieuxqualhotel.com\/contact-acces\/#primaryimage\"},\"image\":{\"@id\":\"https:\/\/mieuxqualhotel.com\/contact-acces\/#primaryimage\"},\"thumbnailUrl\":\"https:\/\/mieuxqualhotel.com\/wp-content\/uploads\/2025\/04\/lablack-love-room-bordeaux-mieuxqualhotel-processed-b03adcdc-1908-4a61-af28-09c2afc8e373-scaled.jpg\",\"datePublished\":\"2021-03-30T10:06:02+00:00\",\"dateModified\":\"2025-04-18T07:41:27+00:00\",\"description\":\"Contact acc\u00e8s Love Room \u00e0 Bordeaux. Infos pratiques, plan d'acc\u00e8s et contact pour une arriv\u00e9e en toute s\u00e9r\u00e9nit\u00e9.\",\"breadcrumb\":{\"@id\":\"https:\/\/mieuxqualhotel.com\/contact-acces\/#breadcrumb\"},\"inLanguage\":\"en-GB\",\"potentialAction\":[{\"@type\":\"ReadAction\",\"target\":[\"https:\/\/mieuxqualhotel.com\/contact-acces\/\"]}]},{\"@type\":\"ImageObject\",\"inLanguage\":\"en-GB\",\"@id\":\"https:\/\/mieuxqualhotel.com\/contact-acces\/#primaryimage\",\"url\":\"https:\/\/mieuxqualhotel.com\/wp-content\/uploads\/2025\/04\/lablack-love-room-bordeaux-mieuxqualhotel-processed-b03adcdc-1908-4a61-af28-09c2afc8e373-scaled.jpg\",\"contentUrl\":\"https:\/\/mieuxqualhotel.com\/wp-content\/uploads\/2025\/04\/lablack-love-room-bordeaux-mieuxqualhotel-processed-b03adcdc-1908-4a61-af28-09c2afc8e373-scaled.jpg\",\"width\":2560,\"height\":1921},{\"@type\":\"BreadcrumbList\",\"@id\":\"https:\/\/mieuxqualhotel.com\/contact-acces\/#breadcrumb\",\"itemListElement\":[{\"@type\":\"ListItem\",\"position\":1,\"name\":\"Accueil\",\"item\":\"https:\/\/mieuxqualhotel.com\/\"},{\"@type\":\"ListItem\",\"position\":2,\"name\":\"Contact &#038; acc\u00e8s\"}]},{\"@type\":\"WebSite\",\"@id\":\"https:\/\/mieuxqualhotel.com\/#website\",\"url\":\"https:\/\/mieuxqualhotel.com\/\",\"name\":\"Love Room Bordeaux |\u00a0Mieux qu'\u00e0 l'h\u00f4tel\",\"description\":\"\",\"publisher\":{\"@id\":\"https:\/\/mieuxqualhotel.com\/#organization\"},\"potentialAction\":[{\"@type\":\"SearchAction\",\"target\":{\"@type\":\"EntryPoint\",\"urlTemplate\":\"https:\/\/mieuxqualhotel.com\/?s={search_term_string}\"},\"query-input\":{\"@type\":\"PropertyValueSpecification\",\"valueRequired\":true,\"valueName\":\"search_term_string\"}}],\"inLanguage\":\"en-GB\"},{\"@type\":\"Organization\",\"@id\":\"https:\/\/mieuxqualhotel.com\/#organization\",\"name\":\"Love Room Bordeaux |\u00a0Mieux qu'\u00e0 l'h\u00f4tel\",\"url\":\"https:\/\/mieuxqualhotel.com\/\",\"logo\":{\"@type\":\"ImageObject\",\"inLanguage\":\"en-GB\",\"@id\":\"https:\/\/mieuxqualhotel.com\/#\/schema\/logo\/image\/\",\"url\":\"https:\/\/mieuxqualhotel.com\/wp-content\/uploads\/2025\/04\/cropped-m-1.png\",\"contentUrl\":\"https:\/\/mieuxqualhotel.com\/wp-content\/uploads\/2025\/04\/cropped-m-1.png\",\"width\":512,\"height\":512,\"caption\":\"Love Room Bordeaux |\u00a0Mieux qu'\u00e0 l'h\u00f4tel\"},\"image\":{\"@id\":\"https:\/\/mieuxqualhotel.com\/#\/schema\/logo\/image\/\"}}]}<\/script>\n<!-- \/ Yoast SEO plugin. -->","yoast_head_json":{"title":"Contact & acc\u00e8s | Love Room Bordeaux \u00a0|\u00a0Mieux qu&#039;a l&#039;h\u00f4tel","description":"Contact acc\u00e8s Love Room \u00e0 Bordeaux. Infos pratiques, plan d'acc\u00e8s et contact pour une arriv\u00e9e en toute s\u00e9r\u00e9nit\u00e9.","robots":{"index":"index","follow":"follow","max-snippet":"max-snippet:-1","max-image-preview":"max-image-preview:large","max-video-preview":"max-video-preview:-1"},"canonical":"https:\/\/mieuxqualhotel.com\/en\/contact-access\/","og_locale":"en_GB","og_type":"article","og_title":"Contact & acc\u00e8s | Love Room Bordeaux \u00a0|\u00a0Mieux qu&#039;a l&#039;h\u00f4tel","og_description":"Contact acc\u00e8s Love Room \u00e0 Bordeaux. Infos pratiques, plan d'acc\u00e8s et contact pour une arriv\u00e9e en toute s\u00e9r\u00e9nit\u00e9.","og_url":"https:\/\/mieuxqualhotel.com\/en\/contact-access\/","og_site_name":"Love Room Bordeaux \u00a0|\u00a0Mieux qu&#039;a l&#039;h\u00f4tel","article_modified_time":"2025-04-18T07:41:27+00:00","og_image":[{"width":2560,"height":1921,"url":"https:\/\/mieuxqualhotel.com\/wp-content\/uploads\/2025\/04\/lablack-love-room-bordeaux-mieuxqualhotel-processed-b03adcdc-1908-4a61-af28-09c2afc8e373-scaled.jpg","type":"image\/jpeg"}],"twitter_card":"summary_large_image","twitter_misc":{"Estimated reading time":"1 minute"},"schema":{"@context":"https:\/\/schema.org","@graph":[{"@type":"WebPage","@id":"https:\/\/mieuxqualhotel.com\/contact-acces\/","url":"https:\/\/mieuxqualhotel.com\/contact-acces\/","name":"Contact & acc\u00e8s | Love Room Bordeaux \u00a0|\u00a0Mieux qu&#039;a l&#039;h\u00f4tel","isPartOf":{"@id":"https:\/\/mieuxqualhotel.com\/#website"},"primaryImageOfPage":{"@id":"https:\/\/mieuxqualhotel.com\/contact-acces\/#primaryimage"},"image":{"@id":"https:\/\/mieuxqualhotel.com\/contact-acces\/#primaryimage"},"thumbnailUrl":"https:\/\/mieuxqualhotel.com\/wp-content\/uploads\/2025\/04\/lablack-love-room-bordeaux-mieuxqualhotel-processed-b03adcdc-1908-4a61-af28-09c2afc8e373-scaled.jpg","datePublished":"2021-03-30T10:06:02+00:00","dateModified":"2025-04-18T07:41:27+00:00","description":"Contact acc\u00e8s Love Room \u00e0 Bordeaux. Infos pratiques, plan d'acc\u00e8s et contact pour une arriv\u00e9e en toute s\u00e9r\u00e9nit\u00e9.","breadcrumb":{"@id":"https:\/\/mieuxqualhotel.com\/contact-acces\/#breadcrumb"},"inLanguage":"en-GB","potentialAction":[{"@type":"ReadAction","target":["https:\/\/mieuxqualhotel.com\/contact-acces\/"]}]},{"@type":"ImageObject","inLanguage":"en-GB","@id":"https:\/\/mieuxqualhotel.com\/contact-acces\/#primaryimage","url":"https:\/\/mieuxqualhotel.com\/wp-content\/uploads\/2025\/04\/lablack-love-room-bordeaux-mieuxqualhotel-processed-b03adcdc-1908-4a61-af28-09c2afc8e373-scaled.jpg","contentUrl":"https:\/\/mieuxqualhotel.com\/wp-content\/uploads\/2025\/04\/lablack-love-room-bordeaux-mieuxqualhotel-processed-b03adcdc-1908-4a61-af28-09c2afc8e373-scaled.jpg","width":2560,"height":1921},{"@type":"BreadcrumbList","@id":"https:\/\/mieuxqualhotel.com\/contact-acces\/#breadcrumb","itemListElement":[{"@type":"ListItem","position":1,"name":"Accueil","item":"https:\/\/mieuxqualhotel.com\/"},{"@type":"ListItem","position":2,"name":"Contact &#038; acc\u00e8s"}]},{"@type":"WebSite","@id":"https:\/\/mieuxqualhotel.com\/#website","url":"https:\/\/mieuxqualhotel.com\/","name":"Love Room Bordeaux |\u00a0Mieux qu'\u00e0 l'h\u00f4tel","description":"","publisher":{"@id":"https:\/\/mieuxqualhotel.com\/#organization"},"potentialAction":[{"@type":"SearchAction","target":{"@type":"EntryPoint","urlTemplate":"https:\/\/mieuxqualhotel.com\/?s={search_term_string}"},"query-input":{"@type":"PropertyValueSpecification","valueRequired":true,"valueName":"search_term_string"}}],"inLanguage":"en-GB"},{"@type":"Organization","@id":"https:\/\/mieuxqualhotel.com\/#organization","name":"Love Room Bordeaux |\u00a0Mieux qu'\u00e0 l'h\u00f4tel","url":"https:\/\/mieuxqualhotel.com\/","logo":{"@type":"ImageObject","inLanguage":"en-GB","@id":"https:\/\/mieuxqualhotel.com\/#\/schema\/logo\/image\/","url":"https:\/\/mieuxqualhotel.com\/wp-content\/uploads\/2025\/04\/cropped-m-1.png","contentUrl":"https:\/\/mieuxqualhotel.com\/wp-content\/uploads\/2025\/04\/cropped-m-1.png","width":512,"height":512,"caption":"Love Room Bordeaux |\u00a0Mieux qu'\u00e0 l'h\u00f4tel"},"image":{"@id":"https:\/\/mieuxqualhotel.com\/#\/schema\/logo\/image\/"}}]}},"_links":{"self":[{"href":"https:\/\/mieuxqualhotel.com\/en\/wp-json\/wp\/v2\/pages\/483","targetHints":{"allow":["GET"]}}],"collection":[{"href":"https:\/\/mieuxqualhotel.com\/en\/wp-json\/wp\/v2\/pages"}],"about":[{"href":"https:\/\/mieuxqualhotel.com\/en\/wp-json\/wp\/v2\/types\/page"}],"author":[{"embeddable":true,"href":"https:\/\/mieuxqualhotel.com\/en\/wp-json\/wp\/v2\/users\/1"}],"replies":[{"embeddable":true,"href":"https:\/\/mieuxqualhotel.com\/en\/wp-json\/wp\/v2\/comments?post=483"}],"version-history":[{"count":0,"href":"https:\/\/mieuxqualhotel.com\/en\/wp-json\/wp\/v2\/pages\/483\/revisions"}],"wp:featuredmedia":[{"embeddable":true,"href":"https:\/\/mieuxqualhotel.com\/en\/wp-json\/wp\/v2\/media\/11240"}],"wp:attachment":[{"href":"https:\/\/mieuxqualhotel.com\/en\/wp-json\/wp\/v2\/media?parent=483"}],"curies":[{"name":"wp","href":"https:\/\/api.w.org\/{rel}","templated":true}]}}